{"id":3,"date":"2024-03-27T10:16:31","date_gmt":"2024-03-27T10:16:31","guid":{"rendered":"https:\/\/www.florian-penneveyre.com\/?page_id=3"},"modified":"2024-06-11T19:20:56","modified_gmt":"2024-06-11T18:20:56","slug":"terms-and-conditions","status":"publish","type":"page","link":"https:\/\/www.florian-penneveyre.com\/fr\/terms-and-conditions\/","title":{"rendered":"Terms &amp; Conditions"},"content":{"rendered":"<div data-elementor-type=\"wp-page\" data-elementor-id=\"3\" class=\"elementor elementor-3\" data-elementor-post-type=\"page\">\n\t\t\t\t<div class=\"elementor-element elementor-element-57ef40fb e-flex e-con-boxed e-con e-parent\" data-id=\"57ef40fb\" data-element_type=\"container\">\n\t\t\t\t\t<div class=\"e-con-inner\">\n\t\t\t\t<div class=\"elementor-element elementor-element-3bda0f7 elementor-widget elementor-widget-text-editor\" data-id=\"3bda0f7\" data-element_type=\"widget\" data-widget_type=\"text-editor.default\">\n\t\t\t\t<div class=\"elementor-widget-container\">\n\t\t\t\t\t\t\t\t\t<p><\/p>\n<h2 class=\"wp-block-heading\">&nbsp;<\/h2>\n<p><\/p>\n<p>Bienvenue sur le site de Florian Penneveyre !<\/p>\n<p><\/p>\n<p>Les pr\u00e9sentes conditions g\u00e9n\u00e9rales d\u00e9crivent les r\u00e8gles et r\u00e8glements d'utilisation du site Internet de Florian Penneveyre, situ\u00e9 \u00e0 l'adresse https:\/\/florian-penneveyre.com.<\/p>\n<p><\/p>\n<p>En acc\u00e9dant \u00e0 ce site Web, nous supposons que vous acceptez ces termes et conditions.<\/p>\n<p>Ne continuez pas \u00e0 utiliser le site de Florian Penneveyre si vous n'acceptez pas tous les termes et conditions \u00e9nonc\u00e9s sur cette page.<\/p>\n<p><\/p>\n<p>La terminologie suivante s'applique aux pr\u00e9sentes conditions g\u00e9n\u00e9rales, \u00e0 la d\u00e9claration de confidentialit\u00e9 et \u00e0 l'avis de non-responsabilit\u00e9 ainsi qu'\u00e0 tous les accords\u00a0: \u00ab\u00a0Client\u00a0\u00bb, \u00ab\u00a0vous\u00a0\u00bb et \u00ab\u00a0votre\u00a0\u00bb font r\u00e9f\u00e9rence \u00e0 vous, la personne connect\u00e9e \u00e0 ce site Web et conforme aux termes et conditions de la soci\u00e9t\u00e9. \u00ab La Soci\u00e9t\u00e9 \u00bb, \u00ab Nous-m\u00eames \u00bb, \u00ab Nous \u00bb, \u00ab Notre \u00bb et \u00ab Notre \u00bb font r\u00e9f\u00e9rence \u00e0 notre Soci\u00e9t\u00e9. \u00ab\u00a0Partie\u00a0\u00bb, \u00ab\u00a0Parties\u00a0\u00bb ou \u00ab Nous\u00a0\u00bb d\u00e9signe \u00e0 la fois le Client et nous-m\u00eames. Tous les termes font r\u00e9f\u00e9rence \u00e0 l'offre, \u00e0 l'acceptation et \u00e0 la prise en compte du paiement n\u00e9cessaire pour entreprendre le processus de notre assistance au Client de la mani\u00e8re la plus appropri\u00e9e dans le but expr\u00e8s de r\u00e9pondre aux besoins du Client en ce qui concerne la fourniture des services d\u00e9clar\u00e9s de la Soci\u00e9t\u00e9, conform\u00e9ment \u00e0 et sous r\u00e9serve de la loi en vigueur de pt. Toute utilisation de la terminologie ci-dessus ou d'autres mots au singulier, au pluriel, en majuscules et\/ou il\/elle ou eux, est consid\u00e9r\u00e9e comme interchangeable et donc comme faisant r\u00e9f\u00e9rence \u00e0 celle-ci.<\/p>\n<p><\/p>\n<h4 class=\"wp-block-heading\"><strong>Cookies<\/strong><\/h4>\n<p><\/p>\n<p>Nous utilisons des cookies. En acc\u00e9dant \u00e0 Florian Penneveyre, vous avez accept\u00e9 d'utiliser des cookies en accord avec la Politique de Confidentialit\u00e9 de Florian Penneveyre.<\/p>\n<p><\/p>\n<p>La plupart des sites Web interactifs utilisent des cookies pour nous permettre de r\u00e9cup\u00e9rer les d\u00e9tails de l'utilisateur \u00e0 chaque visite. Les cookies sont utilis\u00e9s par notre site Web pour activer la fonctionnalit\u00e9 de certaines zones afin de faciliter la t\u00e2che des personnes visitant notre site Web. Certains de nos partenaires affili\u00e9s\/publicitaires peuvent \u00e9galement utiliser des cookies.<\/p>\n<p><\/p>\n<h4 class=\"wp-block-heading\"><strong>Licence<\/strong><\/h4>\n<p><\/p>\n<p>Sauf indication contraire, Florian Penneveyre et\/ou ses conc\u00e9dants de licence d\u00e9tiennent les droits de propri\u00e9t\u00e9 intellectuelle sur tout le mat\u00e9riel pr\u00e9sent sur Florian Penneveyre. Tous les droits de propri\u00e9t\u00e9 intellectuelle sont r\u00e9serv\u00e9s. Vous pouvez y acc\u00e9der aupr\u00e8s de Florian Penneveyre pour votre usage personnel sous r\u00e9serve des restrictions fix\u00e9es dans les pr\u00e9sentes conditions g\u00e9n\u00e9rales.<\/p>\n<p><\/p>\n<p>Il ne faut pas:<\/p>\n<p><\/p>\n<ul class=\"wp-block-list\">\n<li style=\"list-style-type: none;\">\n<ul><\/ul>\n<\/li>\n<\/ul>\n<ul>\n<li style=\"list-style-type: none;\">\n<ul>\n<li>Republier le mat\u00e9riel de Florian Penneveyre<\/li>\n<\/ul>\n<\/li>\n<\/ul>\n<p><\/p>\n<ul>\n<li style=\"list-style-type: none;\">\n<ul>\n<li>Vendre, louer ou sous-licencier du mat\u00e9riel de Florian Penneveyre<\/li>\n<\/ul>\n<\/li>\n<\/ul>\n<p><\/p>\n<ul>\n<li style=\"list-style-type: none;\">\n<ul>\n<li>Reproduire, dupliquer ou copier du mat\u00e9riel de Florian Penneveyre<\/li>\n<\/ul>\n<\/li>\n<\/ul>\n<p><\/p>\n<ul>\n<li style=\"list-style-type: none;\">\n<ul>\n<li>Redistribuer le contenu de Florian Penneveyre<\/li>\n<\/ul>\n<\/li>\n<\/ul>\n<p><\/p>\n<p><\/p>\n<p class=\"translation-block\">Le pr\u00e9sent Accord entrera en vigueur \u00e0 la date des pr\u00e9sentes. Nos conditions g\u00e9n\u00e9rales ont \u00e9t\u00e9 cr\u00e9\u00e9es avec l'aide du<a href=\"https:\/\/www.termsandconditionsgenerator.com\/\" target=\"_self\"> G\u00e9n\u00e9rateur de conditions g\u00e9n\u00e9rales gratuit<\/a><\/p>\n<p><\/p>\n<p>Certaines parties de ce site Web offrent aux utilisateurs la possibilit\u00e9 de publier et d'\u00e9changer des opinions et des informations dans certaines zones du site Web. Florian Penneveyre ne filtre, n'\u00e9dite, ne publie ou ne r\u00e9vise pas les Commentaires avant leur pr\u00e9sence sur le site. Les commentaires ne refl\u00e8tent pas les points de vue et opinions de Florian Penneveyre, de ses agents et\/ou affili\u00e9s. Les commentaires refl\u00e8tent les points de vue et les opinions de la personne qui publie ses points de vue et ses opinions. Dans la mesure permise par les lois applicables, Florian Penneveyre ne sera pas responsable des Commentaires ni de toute responsabilit\u00e9, dommage ou d\u00e9pense caus\u00e9 et\/ou subi du fait de toute utilisation et\/ou publication et\/ou apparition des Commentaires sur ce site Web.<\/p>\n<p><\/p>\n<p>Florian Penneveyre se r\u00e9serve le droit de surveiller tous les commentaires et de supprimer tout commentaire qui peut \u00eatre consid\u00e9r\u00e9 comme inappropri\u00e9, offensant ou entra\u00eenant une violation des pr\u00e9sentes conditions g\u00e9n\u00e9rales.<\/p>\n<p><\/p>\n<p>Vous garantissez et d\u00e9clarez que\u00a0:<\/p>\n<p><\/p>\n<ul class=\"wp-block-list\">\n<li style=\"list-style-type: none;\">\n<ul><\/ul>\n<\/li>\n<\/ul>\n<ul>\n<li style=\"list-style-type: none;\">\n<ul>\n<li>Vous avez le droit de publier les commentaires sur notre site Web et disposez de toutes les licences et consentements n\u00e9cessaires pour le faire\u00a0;<\/li>\n<\/ul>\n<\/li>\n<\/ul>\n<p><\/p>\n<ul>\n<li style=\"list-style-type: none;\">\n<ul>\n<li>Les commentaires n'empi\u00e8tent sur aucun droit de propri\u00e9t\u00e9 intellectuelle, y compris, sans limitation, les droits d'auteur, les brevets ou les marques d\u00e9pos\u00e9es de tiers\u00a0;<\/li>\n<\/ul>\n<\/li>\n<\/ul>\n<p><\/p>\n<ul>\n<li style=\"list-style-type: none;\">\n<ul>\n<li>Les commentaires ne contiennent aucun \u00e9l\u00e9ment diffamatoire, offensant, ind\u00e9cent ou autrement ill\u00e9gal constituant une atteinte \u00e0 la vie priv\u00e9e.<\/li>\n<\/ul>\n<\/li>\n<\/ul>\n<p><\/p>\n<ul>\n<li style=\"list-style-type: none;\">\n<ul>\n<li>Les Commentaires ne seront pas utilis\u00e9s pour solliciter ou promouvoir des affaires ou des activit\u00e9s personnalis\u00e9es ou pr\u00e9senter des activit\u00e9s commerciales ou des activit\u00e9s ill\u00e9gales.<\/li>\n<\/ul>\n<\/li>\n<\/ul>\n<p><\/p>\n<p><\/p>\n<p>Vous accordez par la pr\u00e9sente \u00e0 Florian Penneveyre une licence non exclusive pour utiliser, reproduire, \u00e9diter et autoriser d'autres personnes \u00e0 utiliser, reproduire et \u00e9diter n'importe lequel de vos commentaires sous toutes formes, formats ou supports.<\/p>\n<p><\/p>\n<h4 class=\"wp-block-heading\"><strong>Liens hypertextes vers notre contenu<\/strong><\/h4>\n<p><\/p>\n<p>Les organisations suivantes peuvent cr\u00e9er des liens vers notre site Web sans autorisation \u00e9crite pr\u00e9alable\u00a0:<\/p>\n<p><\/p>\n<ul class=\"wp-block-list\">\n<li style=\"list-style-type: none;\">\n<ul><\/ul>\n<\/li>\n<\/ul>\n<ul>\n<li style=\"list-style-type: none;\">\n<ul>\n<li>Organismes gouvernementaux;<\/li>\n<\/ul>\n<\/li>\n<\/ul>\n<p><\/p>\n<ul>\n<li style=\"list-style-type: none;\">\n<ul>\n<li>Moteurs de recherche;<\/li>\n<\/ul>\n<\/li>\n<\/ul>\n<p><\/p>\n<ul>\n<li style=\"list-style-type: none;\">\n<ul>\n<li>Organismes de presse\u00a0;<\/li>\n<\/ul>\n<\/li>\n<\/ul>\n<p><\/p>\n<ul>\n<li style=\"list-style-type: none;\">\n<ul>\n<li>Les distributeurs d'annuaires en ligne peuvent cr\u00e9er des liens vers notre site Web de la m\u00eame mani\u00e8re qu'ils cr\u00e9ent des hyperliens vers les sites Web d'autres entreprises r\u00e9pertori\u00e9es\u00a0; et<\/li>\n<\/ul>\n<\/li>\n<\/ul>\n<p><\/p>\n<ul>\n<li style=\"list-style-type: none;\">\n<ul>\n<li>Entreprises accr\u00e9dit\u00e9es \u00e0 l'\u00e9chelle du syst\u00e8me, \u00e0 l'exception des organisations \u00e0 but non lucratif, des centres commerciaux caritatifs et des groupes de collecte de fonds caritatifs qui ne peuvent pas cr\u00e9er de lien hypertexte vers notre site Web.<\/li>\n<\/ul>\n<\/li>\n<\/ul>\n<p><\/p>\n<p><\/p>\n<p>Ces organisations peuvent cr\u00e9er des liens vers notre page d'accueil, vers des publications ou vers d'autres informations du site Web \u00e0 condition que le lien : (a) ne soit en aucun cas trompeur ; (b) n'implique pas faussement le parrainage, l'approbation ou l'approbation de la partie \u00e9tablissant le lien et de ses produits et\/ou services\u00a0; et (c) s\u2019inscrit dans le contexte du site de la partie \u00e9tablissant le lien.<\/p>\n<p><\/p>\n<p>Nous pouvons consid\u00e9rer et approuver d\u2019autres demandes de liens \u00e9manant des types d\u2019organisations suivants\u00a0:<\/p>\n<p><\/p>\n<ul class=\"wp-block-list\">\n<li style=\"list-style-type: none;\">\n<ul><\/ul>\n<\/li>\n<\/ul>\n<ul>\n<li style=\"list-style-type: none;\">\n<ul>\n<li>sources d\u2019informations bien connues sur les consommateurs et\/ou les entreprises\u00a0;<\/li>\n<\/ul>\n<\/li>\n<\/ul>\n<p><\/p>\n<ul>\n<li style=\"list-style-type: none;\">\n<ul>\n<li>sites communautaires dot.com\u00a0;<\/li>\n<\/ul>\n<\/li>\n<\/ul>\n<p><\/p>\n<ul>\n<li style=\"list-style-type: none;\">\n<ul>\n<li>les associations ou autres groupes repr\u00e9sentant des \u0153uvres caritatives\u00a0;<\/li>\n<\/ul>\n<\/li>\n<\/ul>\n<p><\/p>\n<ul>\n<li style=\"list-style-type: none;\">\n<ul>\n<li>distributeurs d'annuaires en ligne;<\/li>\n<\/ul>\n<\/li>\n<\/ul>\n<p><\/p>\n<ul>\n<li style=\"list-style-type: none;\">\n<ul>\n<li>portails Internet;<\/li>\n<\/ul>\n<\/li>\n<\/ul>\n<p><\/p>\n<ul>\n<li style=\"list-style-type: none;\">\n<ul>\n<li>cabinets de comptabilit\u00e9, d'avocats et de conseil; et<\/li>\n<\/ul>\n<\/li>\n<\/ul>\n<p><\/p>\n<ul>\n<li style=\"list-style-type: none;\">\n<ul>\n<li>\u00e9tablissements d\u2019enseignement et associations professionnelles.<\/li>\n<\/ul>\n<\/li>\n<\/ul>\n<p><\/p>\n<p><\/p>\n<p>Nous approuverons les demandes de lien de ces organisations si nous d\u00e9cidons que\u00a0: (a) le lien ne nous fera pas para\u00eetre d\u00e9favorable \u00e0 nous-m\u00eames ou \u00e0 nos entreprises accr\u00e9dit\u00e9es\u00a0; (b) l'organisation n'a aucun dossier n\u00e9gatif chez nous\u00a0; (c) le b\u00e9n\u00e9fice pour nous de la visibilit\u00e9 du lien hypertexte compense l'absence de Florian Penneveyre ; et (d) le lien se trouve dans le contexte d\u2019informations g\u00e9n\u00e9rales sur les ressources.<\/p>\n<p><\/p>\n<p>Ces organisations peuvent cr\u00e9er un lien vers notre page d'accueil \u00e0 condition que le lien\u00a0: (a) ne soit en aucun cas trompeur\u00a0; (b) n'implique pas faussement le parrainage, l'approbation ou l'approbation de la partie \u00e9tablissant le lien et de ses produits ou services\u00a0; et (c) s\u2019inscrit dans le contexte du site de la partie \u00e9tablissant le lien.<\/p>\n<p><\/p>\n<p>Si vous faites partie des organismes list\u00e9s au paragraphe 2 ci-dessus et que vous souhaitez cr\u00e9er un lien vers notre site Internet, vous devez nous en informer en envoyant un e-mail \u00e0 Florian Penneveyre. Veuillez inclure votre nom, le nom de votre organisation, vos coordonn\u00e9es ainsi que l'URL de votre site, une liste de toutes les URL \u00e0 partir desquelles vous avez l'intention de cr\u00e9er un lien vers notre site Web et une liste des URL de notre site vers lesquelles vous souhaitez cr\u00e9er un lien. lien. Attendez 2-3 semaines pour une r\u00e9ponse.<\/p>\n<p><\/p>\n<p>Les organisations agr\u00e9\u00e9es peuvent cr\u00e9er des hyperliens vers notre site Web comme suit\u00a0:<\/p>\n<p><\/p>\n<ul class=\"wp-block-list\">\n<li style=\"list-style-type: none;\">\n<ul><\/ul>\n<\/li>\n<\/ul>\n<ul>\n<li style=\"list-style-type: none;\">\n<ul>\n<li>En utilisant notre d\u00e9nomination sociale\u00a0; ou<\/li>\n<\/ul>\n<\/li>\n<\/ul>\n<p><\/p>\n<ul>\n<li style=\"list-style-type: none;\">\n<ul>\n<li>En utilisant le localisateur de ressources uniforme auquel vous \u00eates li\u00e9\u00a0; ou<\/li>\n<\/ul>\n<\/li>\n<\/ul>\n<p><\/p>\n<ul>\n<li style=\"list-style-type: none;\">\n<ul>\n<li>L\u2019utilisation de toute autre description de notre site Web li\u00e9 \u00e0 celui-ci est logique dans le contexte et le format du contenu du site de la partie \u00e9tablissant le lien.<\/li>\n<\/ul>\n<\/li>\n<\/ul>\n<p><\/p>\n<p><\/p>\n<p>Aucune utilisation du logo de Florian Penneveyre ou d\u2019autres illustrations ne sera autoris\u00e9e pour la cr\u00e9ation de liens en l\u2019absence d\u2019un accord de licence de marque.<\/p>\n<p><\/p>\n<h4 class=\"wp-block-heading\"><strong>iFrames<\/strong><\/h4>\n<p><\/p>\n<p>Sans approbation pr\u00e9alable ni autorisation \u00e9crite, vous ne pouvez pas cr\u00e9er de cadres autour de nos pages Web qui modifient de quelque mani\u00e8re que ce soit la pr\u00e9sentation visuelle ou l'apparence de notre site Web.<\/p>\n<p><\/p>\n<h4 class=\"wp-block-heading\"><strong>Responsabilit\u00e9 du contenu<\/strong><\/h4>\n<p><\/p>\n<p>Nous ne serons pas tenus responsables de tout contenu apparaissant sur votre site Web. Vous acceptez de nous prot\u00e9ger et de nous d\u00e9fendre contre toutes r\u00e9clamations qui surgissent sur votre site Web. Aucun lien ne doit appara\u00eetre sur un site Web qui pourrait \u00eatre interpr\u00e9t\u00e9 comme diffamatoire, obsc\u00e8ne ou criminel, ou qui enfreindrait, violerait ou pr\u00e9coniserait la violation ou toute autre violation des droits de tiers.<\/p>\n<p><\/p>\n<h4 class=\"wp-block-heading\"><strong>R\u00e9serve de droits<\/strong><\/h4>\n<p><\/p>\n<p>Nous nous r\u00e9servons le droit de vous demander de supprimer tous les liens ou tout lien particulier vers notre site Web. Vous acceptez de supprimer imm\u00e9diatement tous les liens vers notre site Web sur demande. Nous nous r\u00e9servons \u00e9galement le droit de modifier ces termes et conditions et sa politique de liaison \u00e0 tout moment. En cr\u00e9ant un lien continu vers notre site Web, vous acceptez d'\u00eatre li\u00e9 et de suivre ces termes et conditions de liaison.<\/p>\n<p><\/p>\n<h4 class=\"wp-block-heading\"><strong>Suppression des liens de notre site Web<\/strong><\/h4>\n<p><\/p>\n<p>Si vous trouvez un lien sur notre site Web qui est offensant pour quelque raison que ce soit, vous \u00eates libre de nous contacter et de nous en informer \u00e0 tout moment. Nous examinerons les demandes de suppression de liens, mais nous ne sommes pas oblig\u00e9s de vous r\u00e9pondre directement.<\/p>\n<p><\/p>\n<p>Nous ne garantissons pas que les informations pr\u00e9sentes sur ce site Web sont exactes, nous ne garantissons pas leur exhaustivit\u00e9 ou leur exactitude ; nous ne promettons pas non plus de garantir que le site Web reste disponible ou que le contenu du site Web est tenu \u00e0 jour.<\/p>\n<p><\/p>\n<h4 class=\"wp-block-heading\"><strong>Clause de non-responsabilit\u00e9<\/strong><\/h4>\n<p><\/p>\n<p>Dans la mesure permise par la loi applicable, nous excluons toutes les repr\u00e9sentations, garanties et conditions relatives \u00e0 notre site Web et \u00e0 l'utilisation de ce site Web. Rien dans cette clause de non-responsabilit\u00e9\u00a0:<\/p>\n<p><\/p>\n<ul class=\"wp-block-list\">\n<li style=\"list-style-type: none;\">\n<ul><\/ul>\n<\/li>\n<\/ul>\n<ul>\n<li style=\"list-style-type: none;\">\n<ul>\n<li>limiter ou exclure notre ou votre responsabilit\u00e9 en cas de d\u00e9c\u00e8s ou de blessures corporelles\u00a0;<\/li>\n<\/ul>\n<\/li>\n<\/ul>\n<p><\/p>\n<ul>\n<li style=\"list-style-type: none;\">\n<ul>\n<li>limiter ou exclure notre ou votre responsabilit\u00e9 en cas de fraude ou de fausse d\u00e9claration frauduleuse\u00a0;<\/li>\n<\/ul>\n<\/li>\n<\/ul>\n<p><\/p>\n<ul>\n<li style=\"list-style-type: none;\">\n<ul>\n<li>limiter l'une de nos ou vos responsabilit\u00e9s d'une mani\u00e8re qui n'est pas autoris\u00e9e par la loi applicable\u00a0; ou<\/li>\n<\/ul>\n<\/li>\n<\/ul>\n<p><\/p>\n<ul>\n<li style=\"list-style-type: none;\">\n<ul>\n<li>exclure toute de nos ou vos responsabilit\u00e9s qui ne peuvent pas \u00eatre exclues en vertu de la loi applicable.<\/li>\n<\/ul>\n<\/li>\n<\/ul>\n<p><\/p>\n<p><\/p>\n<p>Les limitations et interdictions de responsabilit\u00e9 d\u00e9finies dans cette section et ailleurs dans la pr\u00e9sente clause de non-responsabilit\u00e9\u00a0: (a) sont soumises au paragraphe pr\u00e9c\u00e9dent\u00a0; et (b) r\u00e9gissent toutes les responsabilit\u00e9s d\u00e9coulant de la clause de non-responsabilit\u00e9, y compris les responsabilit\u00e9s d\u00e9coulant du contrat, de la responsabilit\u00e9 d\u00e9lictuelle et de la violation d'une obligation l\u00e9gale.<\/p>\n<p><\/p>\n<p>Tant que le site Web ainsi que les informations et services propos\u00e9s sur le site Web sont fournis gratuitement, nous ne serons pas responsables de toute perte ou dommage de quelque nature que ce soit.<\/p>\n<p><\/p>\t\t\t\t\t\t\t\t<\/div>\n\t\t\t\t<\/div>\n\t\t\t\t\t<\/div>\n\t\t\t\t<\/div>\n\t\t\t\t<\/div>","protected":false},"excerpt":{"rendered":"<p>&nbsp; Welcome to Florian Penneveyre website! These terms and conditions outline the rules and regulations for the use of Florian Penneveyre&#8217;s Website, located at https:\/\/florian-penneveyre.com. By accessing this website we assume you accept these terms and conditions. Do not continue to use Florian Penneveyre if you do not agree to take all of the terms [&hellip;]<\/p>","protected":false},"author":3,"featured_media":0,"parent":0,"menu_order":0,"comment_status":"closed","ping_status":"open","template":"","meta":{"footnotes":""},"class_list":["post-3","page","type-page","status-publish","hentry"],"yoast_head":"<!-- This site is optimized with the Yoast SEO plugin v26.0 - https:\/\/yoast.com\/wordpress\/plugins\/seo\/ -->\n<title>Terms &amp; Conditions - Florian Penneveyre<\/title>\n<meta name=\"robots\" content=\"index, follow, max-snippet:-1, max-image-preview:large, max-video-preview:-1\" \/>\n<link rel=\"canonical\" href=\"https:\/\/www.florian-penneveyre.com\/fr\/terms-and-conditions\/\" \/>\n<meta property=\"og:locale\" content=\"fr_FR\" \/>\n<meta property=\"og:type\" content=\"article\" \/>\n<meta property=\"og:title\" content=\"Terms &amp; Conditions - Florian Penneveyre\" \/>\n<meta property=\"og:description\" content=\"&nbsp; Welcome to Florian Penneveyre website! These terms and conditions outline the rules and regulations for the use of Florian Penneveyre&#8217;s Website, located at https:\/\/florian-penneveyre.com. By accessing this website we assume you accept these terms and conditions. Do not continue to use Florian Penneveyre if you do not agree to take all of the terms [&hellip;]\" \/>\n<meta property=\"og:url\" content=\"https:\/\/www.florian-penneveyre.com\/fr\/terms-and-conditions\/\" \/>\n<meta property=\"og:site_name\" content=\"Florian Penneveyre\" \/>\n<meta property=\"article:modified_time\" content=\"2024-06-11T18:20:56+00:00\" \/>\n<meta property=\"og:image\" content=\"https:\/\/www.florian-penneveyre.com\/wp-content\/uploads\/2024\/09\/cropped-logo-prop-FP-01-512-512-cercle-photoshop.png\" \/>\n\t<meta property=\"og:image:width\" content=\"512\" \/>\n\t<meta property=\"og:image:height\" content=\"512\" \/>\n\t<meta property=\"og:image:type\" content=\"image\/png\" \/>\n<meta name=\"twitter:card\" content=\"summary_large_image\" \/>\n<meta name=\"twitter:label1\" content=\"Dur\u00e9e de lecture estim\u00e9e\" \/>\n\t<meta name=\"twitter:data1\" content=\"8 minutes\" \/>\n<script type=\"application\/ld+json\" class=\"yoast-schema-graph\">{\"@context\":\"https:\/\/schema.org\",\"@graph\":[{\"@type\":\"WebPage\",\"@id\":\"https:\/\/www.florian-penneveyre.com\/terms-and-conditions\/\",\"url\":\"https:\/\/www.florian-penneveyre.com\/terms-and-conditions\/\",\"name\":\"Terms &amp; Conditions - Florian Penneveyre\",\"isPartOf\":{\"@id\":\"https:\/\/www.florian-penneveyre.com\/#website\"},\"datePublished\":\"2024-03-27T10:16:31+00:00\",\"dateModified\":\"2024-06-11T18:20:56+00:00\",\"breadcrumb\":{\"@id\":\"https:\/\/www.florian-penneveyre.com\/terms-and-conditions\/#breadcrumb\"},\"inLanguage\":\"fr-FR\",\"potentialAction\":[{\"@type\":\"ReadAction\",\"target\":[\"https:\/\/www.florian-penneveyre.com\/terms-and-conditions\/\"]}]},{\"@type\":\"BreadcrumbList\",\"@id\":\"https:\/\/www.florian-penneveyre.com\/terms-and-conditions\/#breadcrumb\",\"itemListElement\":[{\"@type\":\"ListItem\",\"position\":1,\"name\":\"Home\",\"item\":\"https:\/\/www.florian-penneveyre.com\/\"},{\"@type\":\"ListItem\",\"position\":2,\"name\":\"Terms &amp; Conditions\"}]},{\"@type\":\"WebSite\",\"@id\":\"https:\/\/www.florian-penneveyre.com\/#website\",\"url\":\"https:\/\/www.florian-penneveyre.com\/\",\"name\":\"Florian Penneveyre\",\"description\":\"Le meilleur du sport et du trading\",\"publisher\":{\"@id\":\"https:\/\/www.florian-penneveyre.com\/#organization\"},\"potentialAction\":[{\"@type\":\"SearchAction\",\"target\":{\"@type\":\"EntryPoint\",\"urlTemplate\":\"https:\/\/www.florian-penneveyre.com\/?s={search_term_string}\"},\"query-input\":{\"@type\":\"PropertyValueSpecification\",\"valueRequired\":true,\"valueName\":\"search_term_string\"}}],\"inLanguage\":\"fr-FR\"},{\"@type\":\"Organization\",\"@id\":\"https:\/\/www.florian-penneveyre.com\/#organization\",\"name\":\"Florian Penneveyre Consulting\",\"url\":\"https:\/\/www.florian-penneveyre.com\/\",\"logo\":{\"@type\":\"ImageObject\",\"inLanguage\":\"fr-FR\",\"@id\":\"https:\/\/www.florian-penneveyre.com\/#\/schema\/logo\/image\/\",\"url\":\"https:\/\/www.florian-penneveyre.com\/wp-content\/uploads\/2024\/03\/logo-prop-FP-2.svg\",\"contentUrl\":\"https:\/\/www.florian-penneveyre.com\/wp-content\/uploads\/2024\/03\/logo-prop-FP-2.svg\",\"width\":491,\"height\":521,\"caption\":\"Florian Penneveyre Consulting\"},\"image\":{\"@id\":\"https:\/\/www.florian-penneveyre.com\/#\/schema\/logo\/image\/\"},\"sameAs\":[\"https:\/\/www.linkedin.com\/in\/florian-penneveyre-16098179\/\"]}]}<\/script>\n<!-- \/ Yoast SEO plugin. -->","yoast_head_json":{"title":"Terms &amp; Conditions - Florian Penneveyre","robots":{"index":"index","follow":"follow","max-snippet":"max-snippet:-1","max-image-preview":"max-image-preview:large","max-video-preview":"max-video-preview:-1"},"canonical":"https:\/\/www.florian-penneveyre.com\/fr\/terms-and-conditions\/","og_locale":"fr_FR","og_type":"article","og_title":"Terms &amp; Conditions - Florian Penneveyre","og_description":"&nbsp; Welcome to Florian Penneveyre website! These terms and conditions outline the rules and regulations for the use of Florian Penneveyre&#8217;s Website, located at https:\/\/florian-penneveyre.com. By accessing this website we assume you accept these terms and conditions. Do not continue to use Florian Penneveyre if you do not agree to take all of the terms [&hellip;]","og_url":"https:\/\/www.florian-penneveyre.com\/fr\/terms-and-conditions\/","og_site_name":"Florian Penneveyre","article_modified_time":"2024-06-11T18:20:56+00:00","og_image":[{"width":512,"height":512,"url":"https:\/\/www.florian-penneveyre.com\/wp-content\/uploads\/2024\/09\/cropped-logo-prop-FP-01-512-512-cercle-photoshop.png","type":"image\/png"}],"twitter_card":"summary_large_image","twitter_misc":{"Dur\u00e9e de lecture estim\u00e9e":"8 minutes"},"schema":{"@context":"https:\/\/schema.org","@graph":[{"@type":"WebPage","@id":"https:\/\/www.florian-penneveyre.com\/terms-and-conditions\/","url":"https:\/\/www.florian-penneveyre.com\/terms-and-conditions\/","name":"Terms &amp; Conditions - Florian Penneveyre","isPartOf":{"@id":"https:\/\/www.florian-penneveyre.com\/#website"},"datePublished":"2024-03-27T10:16:31+00:00","dateModified":"2024-06-11T18:20:56+00:00","breadcrumb":{"@id":"https:\/\/www.florian-penneveyre.com\/terms-and-conditions\/#breadcrumb"},"inLanguage":"fr-FR","potentialAction":[{"@type":"ReadAction","target":["https:\/\/www.florian-penneveyre.com\/terms-and-conditions\/"]}]},{"@type":"BreadcrumbList","@id":"https:\/\/www.florian-penneveyre.com\/terms-and-conditions\/#breadcrumb","itemListElement":[{"@type":"ListItem","position":1,"name":"Home","item":"https:\/\/www.florian-penneveyre.com\/"},{"@type":"ListItem","position":2,"name":"Terms &amp; Conditions"}]},{"@type":"WebSite","@id":"https:\/\/www.florian-penneveyre.com\/#website","url":"https:\/\/www.florian-penneveyre.com\/","name":"Florian Penneveyre","description":"Le meilleur du sport et du trading","publisher":{"@id":"https:\/\/www.florian-penneveyre.com\/#organization"},"potentialAction":[{"@type":"SearchAction","target":{"@type":"EntryPoint","urlTemplate":"https:\/\/www.florian-penneveyre.com\/?s={search_term_string}"},"query-input":{"@type":"PropertyValueSpecification","valueRequired":true,"valueName":"search_term_string"}}],"inLanguage":"fr-FR"},{"@type":"Organization","@id":"https:\/\/www.florian-penneveyre.com\/#organization","name":"Florian Penneveyre Consulting","url":"https:\/\/www.florian-penneveyre.com\/","logo":{"@type":"ImageObject","inLanguage":"fr-FR","@id":"https:\/\/www.florian-penneveyre.com\/#\/schema\/logo\/image\/","url":"https:\/\/www.florian-penneveyre.com\/wp-content\/uploads\/2024\/03\/logo-prop-FP-2.svg","contentUrl":"https:\/\/www.florian-penneveyre.com\/wp-content\/uploads\/2024\/03\/logo-prop-FP-2.svg","width":491,"height":521,"caption":"Florian Penneveyre Consulting"},"image":{"@id":"https:\/\/www.florian-penneveyre.com\/#\/schema\/logo\/image\/"},"sameAs":["https:\/\/www.linkedin.com\/in\/florian-penneveyre-16098179\/"]}]}},"_links":{"self":[{"href":"https:\/\/www.florian-penneveyre.com\/fr\/wp-json\/wp\/v2\/pages\/3","targetHints":{"allow":["GET"]}}],"collection":[{"href":"https:\/\/www.florian-penneveyre.com\/fr\/wp-json\/wp\/v2\/pages"}],"about":[{"href":"https:\/\/www.florian-penneveyre.com\/fr\/wp-json\/wp\/v2\/types\/page"}],"author":[{"embeddable":true,"href":"https:\/\/www.florian-penneveyre.com\/fr\/wp-json\/wp\/v2\/users\/3"}],"replies":[{"embeddable":true,"href":"https:\/\/www.florian-penneveyre.com\/fr\/wp-json\/wp\/v2\/comments?post=3"}],"version-history":[{"count":0,"href":"https:\/\/www.florian-penneveyre.com\/fr\/wp-json\/wp\/v2\/pages\/3\/revisions"}],"wp:attachment":[{"href":"https:\/\/www.florian-penneveyre.com\/fr\/wp-json\/wp\/v2\/media?parent=3"}],"curies":[{"name":"wp","href":"https:\/\/api.w.org\/{rel}","templated":true}]}}